
{"id":738,"date":"2016-12-27T18:44:35","date_gmt":"2016-12-27T13:44:35","guid":{"rendered":"https:\/\/lespetitspoissons.ca\/?page_id=738\/"},"modified":"2026-02-16T21:23:28","modified_gmt":"2026-02-16T16:23:28","slug":"contests-and-raffles","status":"publish","type":"page","link":"https:\/\/lespetitspoissons.ca\/en\/the-fishing\/contests-and-raffles\/","title":{"rendered":"Contests and raffles"},"content":{"rendered":"<h2>Contest: The longest tomcod<\/h2>\n<h4><strong>Enter the contest <\/strong><span class=\"Y2IQFc\" lang=\"en\">a night at the H\u00f4tel de La Cit\u00e9 Perdue, with a view of the lions!\u00a0<\/span><\/h4>\n<p id=\"tw-target-text\" class=\"tw-data-text tw-text-large tw-ta\" dir=\"ltr\" tabindex=\"-1\" role=\"text\" data-placeholder=\"Traduction\" data-ved=\"2ahUKEwiV6eGUvN6RAxUVKlkFHTWSAmIQ3ewLegQIDBAW\" aria-label=\"Texte traduit\u00a0: Participate and have a chance to win a night at the H\u00f4tel de La Cit\u00e9 Perdue, with a view of the lions! Double or family room on the ground floor valued at $279.99 + taxes. The winner will be contacted in the weeks following the end of the 2025-2026 fishing season.\"><span class=\"Y2IQFc\" lang=\"en\">Double or family room on the ground floor valued at $279.99 + taxes.<br \/>\nThe winner will be contacted in the weeks following the end of the 88th fishing season.<\/span><\/p>\n<h3>To participate:<\/h3>\n<p>You think you&#8217;ve caught the longest tomcod in the world?!<br \/>\nIf it&#8217;s at least 12&#8243; long and you&#8217;re at least 18 years old, enter our contest!<\/p>\n<p>To participate, take a picture of yourself in front of the ruler that appears on the <em>How to fish?<\/em>\u00a0poster, with your \u201cenormous\u201d fish.<br \/>\nThen, fill out the form at the bottom of the webpage.<\/p>\n<p><strong>PHOTOS:<\/strong> You can attach up to 3 photos to your form! Seize the opportunity to share with us your memories of your fishing experience with family or friends.<br \/>\nWho knows? You could become a star of our Facebook page!<\/p>\n<p><font color=\"#da2c49\">Merci \u00e0 tous d\u2019avoir particip\u00e9 en si grand nombre! Les inscriptions sont maintenant ferm\u00e9es. Le gagnant sera contact\u00e9 et annonc\u00e9 sur nos m\u00e9dias sociaux dans les semaines qui suivent la fin de la saison de p\u00eache. | Thanks everbody for paticipating in such great numbers! The contest is now over. The winner will be contacted and annonced on our social medias in the weeks following the end of the fishing season.<\/font><\/p>\n","protected":false},"excerpt":{"rendered":"Contest: The longest tomcod Enter the contest a night at the H\u00f4tel de La Cit\u00e9 Perdue, with a view of the lions!\u00a0 Double or family room on the ground floor valued at $279.99 + taxes. The winner will be contacted in the weeks following the end of the 88th fishing season. To participate: You think&#8230;<br \/><a class=\"btn btn-default\" href=\"https:\/\/lespetitspoissons.ca\/en\/the-fishing\/contests-and-raffles\/\">View Article<\/a>","protected":false},"author":2,"featured_media":0,"parent":181,"menu_order":0,"comment_status":"closed","ping_status":"closed","template":"","meta":{"footnotes":""},"class_list":["post-738","page","type-page","status-publish","hentry"],"yoast_head":"<!-- This site is optimized with the Yoast SEO plugin v27.3 - https:\/\/yoast.com\/product\/yoast-seo-wordpress\/ -->\n<title>Contests and Raffles | The Ste-Anne River Outfitters Association<\/title>\n<meta name=\"description\" content=\"The fishing contest is back this year with a great price to win!\" \/>\n<meta name=\"robots\" content=\"index, follow, max-snippet:-1, max-image-preview:large, max-video-preview:-1\" \/>\n<link rel=\"canonical\" href=\"https:\/\/lespetitspoissons.ca\/en\/the-fishing\/contests-and-raffles\/\" \/>\n<meta property=\"og:locale\" content=\"en_US\" \/>\n<meta property=\"og:type\" content=\"article\" \/>\n<meta property=\"og:title\" content=\"Contests and Raffles | The Ste-Anne River Outfitters Association\" \/>\n<meta property=\"og:description\" content=\"The fishing contest is back this year with a great price to win!\" \/>\n<meta property=\"og:url\" content=\"https:\/\/lespetitspoissons.ca\/en\/the-fishing\/contests-and-raffles\/\" \/>\n<meta property=\"og:site_name\" content=\"Pourvoyeurs Ste-Anne-de-la-P\u00e9rade\" \/>\n<meta property=\"article:publisher\" content=\"https:\/\/www.facebook.com\/poissonschenaux\" \/>\n<meta property=\"article:modified_time\" content=\"2026-02-16T16:23:28+00:00\" \/>\n<meta name=\"twitter:card\" content=\"summary_large_image\" \/>\n<meta name=\"twitter:label1\" content=\"Est. reading time\" \/>\n\t<meta name=\"twitter:data1\" content=\"1 minute\" \/>\n<script type=\"application\/ld+json\" class=\"yoast-schema-graph\">{\"@context\":\"https:\\\/\\\/schema.org\",\"@graph\":[{\"@type\":\"WebPage\",\"@id\":\"https:\\\/\\\/lespetitspoissons.ca\\\/en\\\/the-fishing\\\/contests-and-raffles\\\/\",\"url\":\"https:\\\/\\\/lespetitspoissons.ca\\\/en\\\/the-fishing\\\/contests-and-raffles\\\/\",\"name\":\"Contests and Raffles | The Ste-Anne River Outfitters Association\",\"isPartOf\":{\"@id\":\"https:\\\/\\\/lespetitspoissons.ca\\\/#website\"},\"datePublished\":\"2016-12-27T13:44:35+00:00\",\"dateModified\":\"2026-02-16T16:23:28+00:00\",\"description\":\"The fishing contest is back this year with a great price to win!\",\"breadcrumb\":{\"@id\":\"https:\\\/\\\/lespetitspoissons.ca\\\/en\\\/the-fishing\\\/contests-and-raffles\\\/#breadcrumb\"},\"inLanguage\":\"en-US\",\"potentialAction\":[{\"@type\":\"ReadAction\",\"target\":[\"https:\\\/\\\/lespetitspoissons.ca\\\/en\\\/the-fishing\\\/contests-and-raffles\\\/\"]}]},{\"@type\":\"BreadcrumbList\",\"@id\":\"https:\\\/\\\/lespetitspoissons.ca\\\/en\\\/the-fishing\\\/contests-and-raffles\\\/#breadcrumb\",\"itemListElement\":[{\"@type\":\"ListItem\",\"position\":1,\"name\":\"Accueil\",\"item\":\"https:\\\/\\\/lespetitspoissons.ca\\\/en\\\/\"},{\"@type\":\"ListItem\",\"position\":2,\"name\":\"Fishing Tomcod\",\"item\":\"https:\\\/\\\/lespetitspoissons.ca\\\/en\\\/the-fishing\\\/\"},{\"@type\":\"ListItem\",\"position\":3,\"name\":\"Contests and raffles\"}]},{\"@type\":\"WebSite\",\"@id\":\"https:\\\/\\\/lespetitspoissons.ca\\\/#website\",\"url\":\"https:\\\/\\\/lespetitspoissons.ca\\\/\",\"name\":\"Pourvoyeurs Ste-Anne-de-la-P\u00e9rade\",\"description\":\"Nos pourvoyeurs\",\"publisher\":{\"@id\":\"https:\\\/\\\/lespetitspoissons.ca\\\/#organization\"},\"potentialAction\":[{\"@type\":\"SearchAction\",\"target\":{\"@type\":\"EntryPoint\",\"urlTemplate\":\"https:\\\/\\\/lespetitspoissons.ca\\\/?s={search_term_string}\"},\"query-input\":{\"@type\":\"PropertyValueSpecification\",\"valueRequired\":true,\"valueName\":\"search_term_string\"}}],\"inLanguage\":\"en-US\"},{\"@type\":\"Organization\",\"@id\":\"https:\\\/\\\/lespetitspoissons.ca\\\/#organization\",\"name\":\"Association des pourvoyeurs des petits poissons des chenaux\",\"url\":\"https:\\\/\\\/lespetitspoissons.ca\\\/\",\"logo\":{\"@type\":\"ImageObject\",\"inLanguage\":\"en-US\",\"@id\":\"https:\\\/\\\/lespetitspoissons.ca\\\/#\\\/schema\\\/logo\\\/image\\\/\",\"url\":\"https:\\\/\\\/lespetitspoissons.ca\\\/wp-content\\\/uploads\\\/2016\\\/11\\\/PetitPoisson-Logo-FondRouge-1.png\",\"contentUrl\":\"https:\\\/\\\/lespetitspoissons.ca\\\/wp-content\\\/uploads\\\/2016\\\/11\\\/PetitPoisson-Logo-FondRouge-1.png\",\"width\":1094,\"height\":669,\"caption\":\"Association des pourvoyeurs des petits poissons des chenaux\"},\"image\":{\"@id\":\"https:\\\/\\\/lespetitspoissons.ca\\\/#\\\/schema\\\/logo\\\/image\\\/\"},\"sameAs\":[\"https:\\\/\\\/www.facebook.com\\\/poissonschenaux\"]}]}<\/script>\n<!-- \/ Yoast SEO plugin. -->","yoast_head_json":{"title":"Contests and Raffles | The Ste-Anne River Outfitters Association","description":"The fishing contest is back this year with a great price to win!","robots":{"index":"index","follow":"follow","max-snippet":"max-snippet:-1","max-image-preview":"max-image-preview:large","max-video-preview":"max-video-preview:-1"},"canonical":"https:\/\/lespetitspoissons.ca\/en\/the-fishing\/contests-and-raffles\/","og_locale":"en_US","og_type":"article","og_title":"Contests and Raffles | The Ste-Anne River Outfitters Association","og_description":"The fishing contest is back this year with a great price to win!","og_url":"https:\/\/lespetitspoissons.ca\/en\/the-fishing\/contests-and-raffles\/","og_site_name":"Pourvoyeurs Ste-Anne-de-la-P\u00e9rade","article_publisher":"https:\/\/www.facebook.com\/poissonschenaux","article_modified_time":"2026-02-16T16:23:28+00:00","twitter_card":"summary_large_image","twitter_misc":{"Est. reading time":"1 minute"},"schema":{"@context":"https:\/\/schema.org","@graph":[{"@type":"WebPage","@id":"https:\/\/lespetitspoissons.ca\/en\/the-fishing\/contests-and-raffles\/","url":"https:\/\/lespetitspoissons.ca\/en\/the-fishing\/contests-and-raffles\/","name":"Contests and Raffles | The Ste-Anne River Outfitters Association","isPartOf":{"@id":"https:\/\/lespetitspoissons.ca\/#website"},"datePublished":"2016-12-27T13:44:35+00:00","dateModified":"2026-02-16T16:23:28+00:00","description":"The fishing contest is back this year with a great price to win!","breadcrumb":{"@id":"https:\/\/lespetitspoissons.ca\/en\/the-fishing\/contests-and-raffles\/#breadcrumb"},"inLanguage":"en-US","potentialAction":[{"@type":"ReadAction","target":["https:\/\/lespetitspoissons.ca\/en\/the-fishing\/contests-and-raffles\/"]}]},{"@type":"BreadcrumbList","@id":"https:\/\/lespetitspoissons.ca\/en\/the-fishing\/contests-and-raffles\/#breadcrumb","itemListElement":[{"@type":"ListItem","position":1,"name":"Accueil","item":"https:\/\/lespetitspoissons.ca\/en\/"},{"@type":"ListItem","position":2,"name":"Fishing Tomcod","item":"https:\/\/lespetitspoissons.ca\/en\/the-fishing\/"},{"@type":"ListItem","position":3,"name":"Contests and raffles"}]},{"@type":"WebSite","@id":"https:\/\/lespetitspoissons.ca\/#website","url":"https:\/\/lespetitspoissons.ca\/","name":"Pourvoyeurs Ste-Anne-de-la-P\u00e9rade","description":"Nos pourvoyeurs","publisher":{"@id":"https:\/\/lespetitspoissons.ca\/#organization"},"potentialAction":[{"@type":"SearchAction","target":{"@type":"EntryPoint","urlTemplate":"https:\/\/lespetitspoissons.ca\/?s={search_term_string}"},"query-input":{"@type":"PropertyValueSpecification","valueRequired":true,"valueName":"search_term_string"}}],"inLanguage":"en-US"},{"@type":"Organization","@id":"https:\/\/lespetitspoissons.ca\/#organization","name":"Association des pourvoyeurs des petits poissons des chenaux","url":"https:\/\/lespetitspoissons.ca\/","logo":{"@type":"ImageObject","inLanguage":"en-US","@id":"https:\/\/lespetitspoissons.ca\/#\/schema\/logo\/image\/","url":"https:\/\/lespetitspoissons.ca\/wp-content\/uploads\/2016\/11\/PetitPoisson-Logo-FondRouge-1.png","contentUrl":"https:\/\/lespetitspoissons.ca\/wp-content\/uploads\/2016\/11\/PetitPoisson-Logo-FondRouge-1.png","width":1094,"height":669,"caption":"Association des pourvoyeurs des petits poissons des chenaux"},"image":{"@id":"https:\/\/lespetitspoissons.ca\/#\/schema\/logo\/image\/"},"sameAs":["https:\/\/www.facebook.com\/poissonschenaux"]}]}},"_links":{"self":[{"href":"https:\/\/lespetitspoissons.ca\/en\/wp-json\/wp\/v2\/pages\/738","targetHints":{"allow":["GET"]}}],"collection":[{"href":"https:\/\/lespetitspoissons.ca\/en\/wp-json\/wp\/v2\/pages"}],"about":[{"href":"https:\/\/lespetitspoissons.ca\/en\/wp-json\/wp\/v2\/types\/page"}],"author":[{"embeddable":true,"href":"https:\/\/lespetitspoissons.ca\/en\/wp-json\/wp\/v2\/users\/2"}],"replies":[{"embeddable":true,"href":"https:\/\/lespetitspoissons.ca\/en\/wp-json\/wp\/v2\/comments?post=738"}],"version-history":[{"count":28,"href":"https:\/\/lespetitspoissons.ca\/en\/wp-json\/wp\/v2\/pages\/738\/revisions"}],"predecessor-version":[{"id":2747,"href":"https:\/\/lespetitspoissons.ca\/en\/wp-json\/wp\/v2\/pages\/738\/revisions\/2747"}],"up":[{"embeddable":true,"href":"https:\/\/lespetitspoissons.ca\/en\/wp-json\/wp\/v2\/pages\/181"}],"wp:attachment":[{"href":"https:\/\/lespetitspoissons.ca\/en\/wp-json\/wp\/v2\/media?parent=738"}],"curies":[{"name":"wp","href":"https:\/\/api.w.org\/{rel}","templated":true}]}}