
{"id":181,"date":"2016-11-21T20:53:38","date_gmt":"2016-11-21T15:53:38","guid":{"rendered":"https:\/\/lespetitspoissons.ca\/en\/?page_id=181"},"modified":"2021-12-07T02:15:11","modified_gmt":"2021-12-06T21:15:11","slug":"the-fishing","status":"publish","type":"page","link":"https:\/\/lespetitspoissons.ca\/en\/the-fishing\/","title":{"rendered":"Fishing Tomcod"},"content":{"rendered":"<h2 class=\"\">Price &amp; schedule \/ 2021-2022<\/h2>\n<table class=\"tableStyled\">\n<tbody>\n<tr>\n<th><\/th>\n<th>Week day (sunday night to friday afternoon)<\/th>\n<th>Weekend (friday night to sunday afternoon)<\/th>\n<\/tr>\n<tr>\n<td>Adult<\/td>\n<td>25 $<\/td>\n<td>35 $<\/td>\n<\/tr>\n<tr>\n<td>Kids (6 to 12 years old)<\/td>\n<td>12,50 $<\/td>\n<td>20 $<\/td>\n<\/tr>\n<tr>\n<td>Kids (0 to 5 years old)<\/td>\n<td>Free<\/td>\n<td>Free<\/td>\n<\/tr>\n<tr>\n<td>School groups, outing organized by the school (Elemantary, middlegrade &amp; Highschool ). Free guides.<\/td>\n<td>12,50 $\/student<\/td>\n<td>n\/d<\/td>\n<\/tr>\n<tr>\n<td>Travel agencies \/ wholesalers (short-term fishing)<\/td>\n<td>n\/d<\/td>\n<td>n\/d<\/td>\n<\/tr>\n<tr>\n<td>MINIMUM RATE &#8211; Holiday break (from December 26 to January 10 inclusively)<\/td>\n<td>140 $<\/td>\n<td>140 $<\/td>\n<\/tr>\n<tr>\n<td>MINIMUM RATE &#8211; From January 10<\/td>\n<td>70 $<\/td>\n<td>140 $<\/td>\n<\/tr>\n<\/tbody>\n<\/table>\n<p><strong>* From December 26 to January 10 inclusively, weekend rates apply. *<\/strong><\/p>\n<p>These rates include the rental of the cottage, fishing equipment, unlimited pork liver bait, firewood, all small fish caught and access to activities. Taxes included.<\/p>\n<p>Note: Dogs are allowed on the site and in the chalets; however, we ask that you keep them on a leash when they are outside.<\/p>\n<h3 class=\"\">Fishing schedule<\/h3>\n<table class=\"tableStyled\">\n<tbody>\n<tr>\n<th><\/th>\n<th>Day<\/th>\n<th>Evening\/night<\/th>\n<\/tr>\n<tr>\n<td>7 on 7<\/td>\n<td>8h a.m.- 8h p.m.<\/td>\n<td>8h p.m.- 6h a.m.<\/td>\n<\/tr>\n<\/tbody>\n<\/table>\n","protected":false},"excerpt":{"rendered":"Price &amp; schedule \/ 2021-2022 Week day (sunday night to friday afternoon) Weekend (friday night to sunday afternoon) Adult 25 $ 35 $ Kids (6 to 12 years old) 12,50 $ 20 $ Kids (0 to 5 years old) Free Free School groups, outing organized by the school (Elemantary, middlegrade &amp; Highschool ). Free guides&#8230;.<br \/><a class=\"btn btn-default\" href=\"https:\/\/lespetitspoissons.ca\/en\/the-fishing\/\">View Article<\/a>","protected":false},"author":2,"featured_media":0,"parent":0,"menu_order":0,"comment_status":"closed","ping_status":"closed","template":"page-with-sidebar.php","meta":{"footnotes":""},"class_list":["post-181","page","type-page","status-publish","hentry"],"yoast_head":"<!-- This site is optimized with the Yoast SEO plugin v27.3 - https:\/\/yoast.com\/product\/yoast-seo-wordpress\/ -->\n<title>Tomcod Ice Fishing Festival in Ste-Anne-de-la-P\u00e9rade<\/title>\n<meta name=\"description\" content=\"Tomcod Ice Fishing in Ste-Anne-de-la-P\u00e9rade is a veritable Qu\u00e9bec tradition. Rent a comfortable fishing shelters with heat and electricity...start fishing!\" \/>\n<meta name=\"robots\" content=\"index, follow, max-snippet:-1, max-image-preview:large, max-video-preview:-1\" \/>\n<link rel=\"canonical\" href=\"https:\/\/lespetitspoissons.ca\/en\/the-fishing\/\" \/>\n<meta property=\"og:locale\" content=\"en_US\" \/>\n<meta property=\"og:type\" content=\"article\" \/>\n<meta property=\"og:title\" content=\"Tomcod Ice Fishing Festival in Ste-Anne-de-la-P\u00e9rade\" \/>\n<meta property=\"og:description\" content=\"Tomcod Ice Fishing in Ste-Anne-de-la-P\u00e9rade is a veritable Qu\u00e9bec tradition. Rent a comfortable fishing shelters with heat and electricity...start fishing!\" \/>\n<meta property=\"og:url\" content=\"https:\/\/lespetitspoissons.ca\/en\/the-fishing\/\" \/>\n<meta property=\"og:site_name\" content=\"Pourvoyeurs Ste-Anne-de-la-P\u00e9rade\" \/>\n<meta property=\"article:publisher\" content=\"https:\/\/www.facebook.com\/poissonschenaux\" \/>\n<meta property=\"article:modified_time\" content=\"2021-12-06T21:15:11+00:00\" \/>\n<meta name=\"twitter:card\" content=\"summary_large_image\" \/>\n<meta name=\"twitter:label1\" content=\"Est. reading time\" \/>\n\t<meta name=\"twitter:data1\" content=\"1 minute\" \/>\n<script type=\"application\/ld+json\" class=\"yoast-schema-graph\">{\"@context\":\"https:\\\/\\\/schema.org\",\"@graph\":[{\"@type\":\"WebPage\",\"@id\":\"https:\\\/\\\/lespetitspoissons.ca\\\/en\\\/the-fishing\\\/\",\"url\":\"https:\\\/\\\/lespetitspoissons.ca\\\/en\\\/the-fishing\\\/\",\"name\":\"Tomcod Ice Fishing Festival in Ste-Anne-de-la-P\u00e9rade\",\"isPartOf\":{\"@id\":\"https:\\\/\\\/lespetitspoissons.ca\\\/#website\"},\"datePublished\":\"2016-11-21T15:53:38+00:00\",\"dateModified\":\"2021-12-06T21:15:11+00:00\",\"description\":\"Tomcod Ice Fishing in Ste-Anne-de-la-P\u00e9rade is a veritable Qu\u00e9bec tradition. Rent a comfortable fishing shelters with heat and electricity...start fishing!\",\"breadcrumb\":{\"@id\":\"https:\\\/\\\/lespetitspoissons.ca\\\/en\\\/the-fishing\\\/#breadcrumb\"},\"inLanguage\":\"en-US\",\"potentialAction\":[{\"@type\":\"ReadAction\",\"target\":[\"https:\\\/\\\/lespetitspoissons.ca\\\/en\\\/the-fishing\\\/\"]}]},{\"@type\":\"BreadcrumbList\",\"@id\":\"https:\\\/\\\/lespetitspoissons.ca\\\/en\\\/the-fishing\\\/#breadcrumb\",\"itemListElement\":[{\"@type\":\"ListItem\",\"position\":1,\"name\":\"Accueil\",\"item\":\"https:\\\/\\\/lespetitspoissons.ca\\\/en\\\/\"},{\"@type\":\"ListItem\",\"position\":2,\"name\":\"Fishing Tomcod\"}]},{\"@type\":\"WebSite\",\"@id\":\"https:\\\/\\\/lespetitspoissons.ca\\\/#website\",\"url\":\"https:\\\/\\\/lespetitspoissons.ca\\\/\",\"name\":\"Pourvoyeurs Ste-Anne-de-la-P\u00e9rade\",\"description\":\"Nos pourvoyeurs\",\"publisher\":{\"@id\":\"https:\\\/\\\/lespetitspoissons.ca\\\/#organization\"},\"potentialAction\":[{\"@type\":\"SearchAction\",\"target\":{\"@type\":\"EntryPoint\",\"urlTemplate\":\"https:\\\/\\\/lespetitspoissons.ca\\\/?s={search_term_string}\"},\"query-input\":{\"@type\":\"PropertyValueSpecification\",\"valueRequired\":true,\"valueName\":\"search_term_string\"}}],\"inLanguage\":\"en-US\"},{\"@type\":\"Organization\",\"@id\":\"https:\\\/\\\/lespetitspoissons.ca\\\/#organization\",\"name\":\"Association des pourvoyeurs des petits poissons des chenaux\",\"url\":\"https:\\\/\\\/lespetitspoissons.ca\\\/\",\"logo\":{\"@type\":\"ImageObject\",\"inLanguage\":\"en-US\",\"@id\":\"https:\\\/\\\/lespetitspoissons.ca\\\/#\\\/schema\\\/logo\\\/image\\\/\",\"url\":\"https:\\\/\\\/lespetitspoissons.ca\\\/wp-content\\\/uploads\\\/2016\\\/11\\\/PetitPoisson-Logo-FondRouge-1.png\",\"contentUrl\":\"https:\\\/\\\/lespetitspoissons.ca\\\/wp-content\\\/uploads\\\/2016\\\/11\\\/PetitPoisson-Logo-FondRouge-1.png\",\"width\":1094,\"height\":669,\"caption\":\"Association des pourvoyeurs des petits poissons des chenaux\"},\"image\":{\"@id\":\"https:\\\/\\\/lespetitspoissons.ca\\\/#\\\/schema\\\/logo\\\/image\\\/\"},\"sameAs\":[\"https:\\\/\\\/www.facebook.com\\\/poissonschenaux\"]}]}<\/script>\n<!-- \/ Yoast SEO plugin. -->","yoast_head_json":{"title":"Tomcod Ice Fishing Festival in Ste-Anne-de-la-P\u00e9rade","description":"Tomcod Ice Fishing in Ste-Anne-de-la-P\u00e9rade is a veritable Qu\u00e9bec tradition. Rent a comfortable fishing shelters with heat and electricity...start fishing!","robots":{"index":"index","follow":"follow","max-snippet":"max-snippet:-1","max-image-preview":"max-image-preview:large","max-video-preview":"max-video-preview:-1"},"canonical":"https:\/\/lespetitspoissons.ca\/en\/the-fishing\/","og_locale":"en_US","og_type":"article","og_title":"Tomcod Ice Fishing Festival in Ste-Anne-de-la-P\u00e9rade","og_description":"Tomcod Ice Fishing in Ste-Anne-de-la-P\u00e9rade is a veritable Qu\u00e9bec tradition. Rent a comfortable fishing shelters with heat and electricity...start fishing!","og_url":"https:\/\/lespetitspoissons.ca\/en\/the-fishing\/","og_site_name":"Pourvoyeurs Ste-Anne-de-la-P\u00e9rade","article_publisher":"https:\/\/www.facebook.com\/poissonschenaux","article_modified_time":"2021-12-06T21:15:11+00:00","twitter_card":"summary_large_image","twitter_misc":{"Est. reading time":"1 minute"},"schema":{"@context":"https:\/\/schema.org","@graph":[{"@type":"WebPage","@id":"https:\/\/lespetitspoissons.ca\/en\/the-fishing\/","url":"https:\/\/lespetitspoissons.ca\/en\/the-fishing\/","name":"Tomcod Ice Fishing Festival in Ste-Anne-de-la-P\u00e9rade","isPartOf":{"@id":"https:\/\/lespetitspoissons.ca\/#website"},"datePublished":"2016-11-21T15:53:38+00:00","dateModified":"2021-12-06T21:15:11+00:00","description":"Tomcod Ice Fishing in Ste-Anne-de-la-P\u00e9rade is a veritable Qu\u00e9bec tradition. Rent a comfortable fishing shelters with heat and electricity...start fishing!","breadcrumb":{"@id":"https:\/\/lespetitspoissons.ca\/en\/the-fishing\/#breadcrumb"},"inLanguage":"en-US","potentialAction":[{"@type":"ReadAction","target":["https:\/\/lespetitspoissons.ca\/en\/the-fishing\/"]}]},{"@type":"BreadcrumbList","@id":"https:\/\/lespetitspoissons.ca\/en\/the-fishing\/#breadcrumb","itemListElement":[{"@type":"ListItem","position":1,"name":"Accueil","item":"https:\/\/lespetitspoissons.ca\/en\/"},{"@type":"ListItem","position":2,"name":"Fishing Tomcod"}]},{"@type":"WebSite","@id":"https:\/\/lespetitspoissons.ca\/#website","url":"https:\/\/lespetitspoissons.ca\/","name":"Pourvoyeurs Ste-Anne-de-la-P\u00e9rade","description":"Nos pourvoyeurs","publisher":{"@id":"https:\/\/lespetitspoissons.ca\/#organization"},"potentialAction":[{"@type":"SearchAction","target":{"@type":"EntryPoint","urlTemplate":"https:\/\/lespetitspoissons.ca\/?s={search_term_string}"},"query-input":{"@type":"PropertyValueSpecification","valueRequired":true,"valueName":"search_term_string"}}],"inLanguage":"en-US"},{"@type":"Organization","@id":"https:\/\/lespetitspoissons.ca\/#organization","name":"Association des pourvoyeurs des petits poissons des chenaux","url":"https:\/\/lespetitspoissons.ca\/","logo":{"@type":"ImageObject","inLanguage":"en-US","@id":"https:\/\/lespetitspoissons.ca\/#\/schema\/logo\/image\/","url":"https:\/\/lespetitspoissons.ca\/wp-content\/uploads\/2016\/11\/PetitPoisson-Logo-FondRouge-1.png","contentUrl":"https:\/\/lespetitspoissons.ca\/wp-content\/uploads\/2016\/11\/PetitPoisson-Logo-FondRouge-1.png","width":1094,"height":669,"caption":"Association des pourvoyeurs des petits poissons des chenaux"},"image":{"@id":"https:\/\/lespetitspoissons.ca\/#\/schema\/logo\/image\/"},"sameAs":["https:\/\/www.facebook.com\/poissonschenaux"]}]}},"_links":{"self":[{"href":"https:\/\/lespetitspoissons.ca\/en\/wp-json\/wp\/v2\/pages\/181","targetHints":{"allow":["GET"]}}],"collection":[{"href":"https:\/\/lespetitspoissons.ca\/en\/wp-json\/wp\/v2\/pages"}],"about":[{"href":"https:\/\/lespetitspoissons.ca\/en\/wp-json\/wp\/v2\/types\/page"}],"author":[{"embeddable":true,"href":"https:\/\/lespetitspoissons.ca\/en\/wp-json\/wp\/v2\/users\/2"}],"replies":[{"embeddable":true,"href":"https:\/\/lespetitspoissons.ca\/en\/wp-json\/wp\/v2\/comments?post=181"}],"version-history":[{"count":4,"href":"https:\/\/lespetitspoissons.ca\/en\/wp-json\/wp\/v2\/pages\/181\/revisions"}],"predecessor-version":[{"id":1628,"href":"https:\/\/lespetitspoissons.ca\/en\/wp-json\/wp\/v2\/pages\/181\/revisions\/1628"}],"wp:attachment":[{"href":"https:\/\/lespetitspoissons.ca\/en\/wp-json\/wp\/v2\/media?parent=181"}],"curies":[{"name":"wp","href":"https:\/\/api.w.org\/{rel}","templated":true}]}}